{"id":195,"date":"2021-04-29T20:56:02","date_gmt":"2021-04-29T18:56:02","guid":{"rendered":"https:\/\/www.serpistar.com\/ssisles\/?page_id=195"},"modified":"2024-07-11T11:39:58","modified_gmt":"2024-07-11T09:39:58","slug":"privacidad","status":"publish","type":"page","link":"https:\/\/www.serpistar.com\/ssisles\/privacidad\/","title":{"rendered":"Pol\u00edtica de privacidad"},"content":{"rendered":"<p>Mediante esta Pol\u00edtica, Security Systems Import S.L. &nbsp;informa a los usuarios de sus servicios, incluyendo este portal, acerca de su pol\u00edtica de protecci\u00f3n de datos de car\u00e1cter personal para que determinen, libre y voluntariamente, si desean facilitar los datos personales que se les puedan requerir o que se puedan obtener con motivo del acceso o uso de la Web y los servicios prestados.<\/p><p>SSI se reserva el derecho a modificar la presente pol\u00edtica para adaptarla a novedades legislativas o jurisprudenciales. En este supuesto, se anunciar\u00e1n en esta p\u00e1gina los cambios introducidos con razonable antelaci\u00f3n a su puesta en marcha.<\/p><p>El responsable del tratamiento de sus datos es SSI c\/ Quevedo 19, 33204 Gij\u00f3n, Asturias.<\/p><p>SSI garantiza la seguridad y confidencialidad de los datos de car\u00e1cter personal que recoge o que le sean facilitados. A tal fin, tiene implantadas las medidas de seguridad de \u00edndole t\u00e9cnica y organizativa que son necesarias para evitar su alteraci\u00f3n, perdida, tratamiento o acceso no autorizados, de acuerdo con lo establecido la legislaci\u00f3n vigente.<\/p><p>El Usuario es responsable de que la informaci\u00f3n que nos proporcione sea cierta. En caso de facilitarse datos de terceros, es responsabilidad del Usuario haberles informado previamente de todo lo dispuesto en este documento y obtener su consentimiento. A estos efectos, el Usuario responde de la veracidad de todos los datos que comunique y mantendr\u00e1 convenientemente actualizada la informaci\u00f3n facilitada, de tal forma que responda a su situaci\u00f3n real..<\/p><p><strong><u>Finalidades<\/u><\/strong><\/p><p>SSI&nbsp; le informa que tratamos los datos de car\u00e1cter personal que nos facilita para;<\/p><ul class=\"wp-block-list\"><li>Facilitarle informaci\u00f3n<\/li>\n\n<li>Gestionar la relaci\u00f3n contractual que nos une.<\/li>\n\n<li>Prestar los servicios contratados.<\/li>\n\n<li>Facilitarle promociones de nuestros servicios y\/o productos.<\/li><\/ul><p>&nbsp;La no aceptaci\u00f3n de las finalidades, supondr\u00e1 en que no podremos realizar esa acci\u00f3n y por tanto no atender a sus necesidades.<\/p><p><strong><u>Datos que se tratan<\/u><\/strong><\/p><p>Los datos a tratar por SSI&nbsp; en el marco de la relaci\u00f3n con el interesado y condicionado a las finalidades consentidas, se incluyen en las siguientes categor\u00edas:<\/p><ul class=\"wp-block-list\"><li>Datos identificativos y de contacto, por ejemplo: nombre, apellidos, m\u00f3vil &#8211; tel\u00e9fono de contacto, direcci\u00f3n o correo electr\u00f3nico.<\/li>\n\n<li>Datos econ\u00f3micos: n\u00fameros de cuenta, c\u00f3digos bancarios.<\/li>\n\n<li>Datos sobre su visita a nuestro sitio web y redes sociales seg\u00fan se describe en la secci\u00f3n \u201cUso de cookies\u201d.<\/li>\n\n<li>Datos para la ejecuci\u00f3n del servicio que incluyan datos identificativos o de contacto de terceros.<\/li><\/ul><p>Siempre que solicitemos sus Datos personales, le informaremos con claridad de qu\u00e9 datos personales recogemos y con qu\u00e9 fin, y solicitaremos su consentimiento expl\u00edcito mediante el marcado de las correspondientes casillas en los formularios de solicitud de datos. Es importante que mantenga sus datos actualizados y nos notifique si cambian.<\/p><p>En el caso de que usted nos proporcione datos personales sin petici\u00f3n por nuestra parte, tenga que cuenta que sus datos ser\u00e1n tratados para la provisi\u00f3n de los servicios solicitados con las condiciones expresadas en esta Pol\u00edtica de Privacidad.<\/p><p><strong><u>Conservaci\u00f3n de los datos<\/u><\/strong><\/p><p>Los datos personales proporcionados ser\u00e1n conservados el tiempo m\u00ednimo necesario para la ejecuci\u00f3n de la finalidad prevista, esto es:<\/p><ul class=\"wp-block-list\"><li>Personal, clientes y proveedores: 5 a\u00f1os tras finalizar la relaci\u00f3n contractual<\/li>\n\n<li>Videovigilancia: 30 d\u00edas<\/li>\n\n<li>Otros datos: 2 a\u00f1os.<\/li><\/ul><p>Adem\u00e1s lo conservaremos el tiempo necesario para atender las responsabilidades que se pudieran derivar de la finalidad y de cualquier exigencia legal, o hasta que usted solicite su supresi\u00f3n.<\/p><p><strong><u>Destinatarios a los que se comunicar\u00e1n los datos<\/u><\/strong><\/p><p>Los datos no ser\u00e1n comunicados a terceros, salvo por necesidades operativas y solo a encargados de tratamiento de confianza.<\/p><p>No se realizar\u00e1 ninguna cesi\u00f3n salvo obligaci\u00f3n legal.<\/p><p><strong><u>Legitimaci\u00f3n para el tratamiento de sus datos<\/u><\/strong><\/p><p>La base legal para gestionar la relaci\u00f3n con los interesados y para ofrecer informaci\u00f3n sobre actividades, productos y servicios de SSI , vienen dados por el consentimiento inequ\u00edvoco del interesado o la relaci\u00f3n contractual que hayamos establecido.<\/p><p><strong><u>Derechos del interesado<\/u><\/strong><\/p><p>Cualquier persona tiene derecho a obtener confirmaci\u00f3n sobre si estamos tratando datos personales que le conciernan o no y si lo estamos haciendo, puede ponerse en contacto con nosotros en cualquier momento para:<\/p><ul class=\"wp-block-list\"><li>Acceder a sus datos personales y a cualquier otra informaci\u00f3n indicada en el Art\u00edculo 15.1 del RGPD.<\/li>\n\n<li>Rectificar sus datos personales que sean inexactos o est\u00e9n incompletos de acuerdo con el Art\u00edculo 16 del RGPD.<\/li>\n\n<li>Suprimir sus datos personales de acuerdo con el Art\u00edculo 17 del RGPD.<\/li>\n\n<li>Limitar el tratamiento de sus datos personales de acuerdo con el Art\u00edculo 18 del RGPD.<\/li>\n\n<li>Solicitar la portabilidad de sus datos de acuerdo con el Art\u00edculo 20 del RGPD.<\/li>\n\n<li>Oponerse al tratamiento de sus datos personales de acuerdo con el art\u00edculo 21 del RGPD.<\/li><\/ul><p>Si ha otorgado su consentimiento para alguna finalidad concreta, tiene derecho a retirar el consentimiento otorgado en cualquier momento, sin que ello afecte a la licitud del tratamiento basado en el consentimiento previo a su retirada.<\/p><p>Puede ejercer estos derechos enviando un mail a ssi@serpistar.com.<\/p><p>Finalmente, informamos a los interesados que pueden presentar una reclamaci\u00f3n relacionada con el tratamiento de sus datos personales ante la Autoridad de Control (<a href=\"http:\/\/www.aepd.es\">www.aepd.es<\/a>).<\/p><p>Puede consultar informaci\u00f3n detallada sobre los requisitos, derechos y legislaci\u00f3n aplicable en materia de protecci\u00f3n de datos en http:\/\/www.agpd.es<\/p><p>Tiene una lista de preguntas frecuentes en https:\/\/sedeagpd.gob.es\/sede-electronica-web\/vistas\/infoSede\/preguntasFrecuentes.jsf<\/p>","protected":false},"excerpt":{"rendered":"<p>Mediante esta Pol\u00edtica, Security Systems Import S.L. &nbsp;informa a los usuarios de sus servicios, incluyendo este portal, acerca de su pol\u00edtica de protecci\u00f3n de datos de<span class=\"excerpt-hellip\"> [\u2026]<\/span><\/p>\n","protected":false},"author":1,"featured_media":0,"parent":0,"menu_order":0,"comment_status":"closed","ping_status":"closed","template":"","meta":{"footnotes":""},"class_list":["post-195","page","type-page","status-publish","hentry"],"_links":{"self":[{"href":"https:\/\/www.serpistar.com\/ssisles\/wp-json\/wp\/v2\/pages\/195","targetHints":{"allow":["GET"]}}],"collection":[{"href":"https:\/\/www.serpistar.com\/ssisles\/wp-json\/wp\/v2\/pages"}],"about":[{"href":"https:\/\/www.serpistar.com\/ssisles\/wp-json\/wp\/v2\/types\/page"}],"author":[{"embeddable":true,"href":"https:\/\/www.serpistar.com\/ssisles\/wp-json\/wp\/v2\/users\/1"}],"replies":[{"embeddable":true,"href":"https:\/\/www.serpistar.com\/ssisles\/wp-json\/wp\/v2\/comments?post=195"}],"version-history":[{"count":2,"href":"https:\/\/www.serpistar.com\/ssisles\/wp-json\/wp\/v2\/pages\/195\/revisions"}],"predecessor-version":[{"id":2062,"href":"https:\/\/www.serpistar.com\/ssisles\/wp-json\/wp\/v2\/pages\/195\/revisions\/2062"}],"wp:attachment":[{"href":"https:\/\/www.serpistar.com\/ssisles\/wp-json\/wp\/v2\/media?parent=195"}],"curies":[{"name":"wp","href":"https:\/\/api.w.org\/{rel}","templated":true}]}}