{"id":2051,"date":"2024-07-11T11:22:48","date_gmt":"2024-07-11T09:22:48","guid":{"rendered":"https:\/\/www.serpistar.com\/ssisles\/?page_id=2051"},"modified":"2024-07-11T11:35:19","modified_gmt":"2024-07-11T09:35:19","slug":"politica-de-cookies","status":"publish","type":"page","link":"https:\/\/www.serpistar.com\/ssisles\/politica-de-cookies\/","title":{"rendered":"Pol\u00edtica de Cookies"},"content":{"rendered":"<p>Definici\u00f3n y funci\u00f3n de las cookies&nbsp;<\/p><p>\u00bfQu\u00e9 son las cookies? Una cookie es un fichero que se descarga en tu navegador al acceder a determinadas p\u00e1ginas web. Las cookies permiten a una p\u00e1gina web, entre otras cosas, almacenar y recuperar informaci\u00f3n sobre los h\u00e1bitos de navegaci\u00f3n de un usuario o de su equipo y, dependiendo de la informaci\u00f3n que contengan y de la forma en que utilice su equipo, pueden utilizarse para reconocer al usuario.<\/p><p>Toda la informaci\u00f3n que se recaba en el sitio Web se utiliza para poder ofrecer un mejor servicio a los visitantes.<\/p><p>Ten en cuenta que usar nuestra web con cookies deshabilitadas puede hacer que la web no funcione adecuadamente, y que en determinadas zonas d\u00e9 errores.<\/p><p>\u00bfQu\u00e9 tipos de cookies utilizamos?&nbsp;<\/p><p>Seg\u00fan el \u201dTiempo de Duraci\u00f3n\u201d de las cookies:<\/p><ul class=\"wp-block-list\"><li>Cookies de sesi\u00f3n: Son un tipo de cookies dise\u00f1adas para recabar y almacenar datos mientras el usuario accede a una p\u00e1gina web. Estas cookies s\u00f3lo funcionan durante la sesi\u00f3n del navegador, siendo borradas una vez finaliza dicha sesi\u00f3n<\/li>\n\n<li>Cookies persistentes: Son un tipo de cookies en el que los datos siguen almacenados en el navegador y pueden ser accedidos y tratados durante un periodo definido por el responsable de la cookie, y que puede tener una duraci\u00f3n de unos minutos a varios a\u00f1os.<\/li><\/ul><p>Seg\u00fan el&nbsp; \u201dServicio Ofrecido\u201d de las cookies:<\/p><ul class=\"wp-block-list\"><li>Cookies T\u00e9cnicas: Son aquellas que, bien tratadas por nosotros o por terceros, resultan imprescindibles para que se pueda navegar por el sitio Web correctamente. Garantizan que la p\u00e1gina se muestre de forma adecuada.<\/li>\n\n<li>Cookies Anal\u00edticas: Son aquellas que, bien tratadas por nosotros o por terceros, nos permiten cuantificar el n\u00famero de usuarios y as\u00ed realizar la medici\u00f3n y an\u00e1lisis estad\u00edstico de la utilizaci\u00f3n y comportamiento que hacen los usuarios del servicio ofertado. Para ello se analiza su navegaci\u00f3n de forma an\u00f3nima en nuestro sitio Web con el fin de mejorar la oferta de productos o servicios que le ofrecemos. Esta cookie ofrece a su responsable informaci\u00f3n agregada, an\u00f3nima (sin llegar a identificar personalmente al usuario) y de car\u00e1cter estad\u00edstico.<ul><li>Cookies de Personalizaci\u00f3n: Son aquellas que, bien tratadas por nosotros o por terceros,\u00a0 permiten al usuario acceder al servicio con algunas caracter\u00edsticas predefinidas en funci\u00f3n de una serie de criterios en el terminal del usuario como ser\u00edan la navegaci\u00f3n del usuario y sus intereses, la configuraci\u00f3n regional desde donde accede al servicio, etc.<\/li><\/ul><ul class=\"wp-block-list\"><li>Cookies Publicitarias: Son aquellas que, bien tratadas por nosotros o por terceros, nos permiten mostrar productos y\/o servicios al visitar alguna p\u00e1gina web externa previo consentimiento expreso del usuario.<\/li><\/ul><\/li><\/ul><p>Seg\u00fan la \u201cPropiedad\u201d de la cookie:<\/p><ul class=\"wp-block-list\"><li>Cookies Propias: Son aquellas que se env\u00edan al navegador del usuario desde un equipo o dominio gestionado por nosotros y desde el que se presta el servicio solicitado por el usuario.<\/li>\n\n<li>Cookies de Terceros: Son aquellas que se env\u00edan al navegador del usuario desde un equipo o dominio que no es gestionado por nosotros, sino por otra entidad que trata los datos obtenidos a trav\u00e9s de las cookies. Utilizamos estas cookies (llamadas cookies de terceros) para ense\u00f1arte en otros sitios web publicidad nuestra personalizada, nunca de terceras empresas. Puedes optar a no aceptar estas cookies en la configuraci\u00f3n de su navegador que puedes ver m\u00e1s abajo en esta p\u00e1gina.<\/li><\/ul><p>Revocaci\u00f3n y eliminaci\u00f3n de cookies (por tipo de navegador)&nbsp;<\/p><p>Puedes permitir, bloquear o eliminar las cookies instaladas en tu navegador mediante la configuraci\u00f3n de las opciones del navegador instalado en tu ordenador. En caso que no permitas la instalaci\u00f3n de cookies en tu navegador es posible que no puedas acceder a alguna de las secciones de nuestra web.<\/p><ul class=\"wp-block-list\"><li>Para m\u00e1s informaci\u00f3n sobre como bloquear el uso de las cookies a trav\u00e9s del navegador Chrome en <a href=\"https:\/\/support.google.com\/chrome\/answer\/95647?hl=es\">https:\/\/support.google.com\/chrome\/answer\/95647?hl=es<\/a><\/li>\n\n<li>Para m\u00e1s informaci\u00f3n sobre como bloquear el uso de la cookies a trav\u00e9s del navegador Firefox en <a href=\"https:\/\/support.mozilla.org\/es\/kb\/habilitar-y-deshabilitar-cookies-sitios-web-rastrear-preferencias\">https:\/\/support.mozilla.org\/es\/kb\/habilitar-y-deshabilitar-cookies-sitios-web-rastrear-preferencias<\/a><\/li>\n\n<li>Para m\u00e1s informaci\u00f3n sobre como bloquear el uso de las cookies a trav\u00e9s del navegador Internet Explorer en <a href=\"http:\/\/windows.microsoft.com\/es-es\/windows7\/how-to-manage-cookies-in-internet-explorer-9\">http:\/\/windows.microsoft.com\/es-es\/windows7\/how-to-manage-cookies-in-internet-explorer-9<\/a><\/li>\n\n<li>Para m\u00e1s informaci\u00f3n sobre como bloquear el uso de las cookies a trav\u00e9s del navegador Safari en <a href=\"http:\/\/support.apple.com\/kb\/HT1677?viewlocale=es_ES\">http:\/\/support.apple.com\/kb\/HT1677?viewlocale=es_ES<\/a><\/li><\/ul><p>Adem\u00e1s en tu navegador puedes activar el modo inc\u00f3gnito o privado, para borrar las cookies y el historial de navegaci\u00f3n una vez termine tu sesi\u00f3n de navegaci\u00f3n. Consulta la ayuda de tu navegador para acceder a este modo.<\/p><p>Revocaci\u00f3n y eliminaci\u00f3n de cookies (por servicio ofrecido)&nbsp;<\/p><ul class=\"wp-block-list\"><li>Para optar a no usar las cookies de Google Analytics: https:\/\/tools.google.com\/dlpage\/gaoptout?hl=es<\/li>\n\n<li>CpPara optar a no usar las cookies de Adobe Analytics: <a href=\"http:\/\/www.adobe.com\/es\/privacy\/opt-out.html\">http:\/\/www.adobe.com\/es\/privacy\/opt-out.html<\/a><\/li><\/ul><p>Para optar a no usar las cookies de publicidad de nuestra empresa ofrecida en otros sitios web: <a href=\"http:\/\/info.criteo.com\/pjl\/privacy\/informations?infonorm=3&amp;partner=11133&amp;campaignid=38715\">http:\/\/info.criteo.com\/pjl\/privacy\/informations?infonorm=3&amp;partner=11133&amp;campaignid=38715<\/a><\/p>","protected":false},"excerpt":{"rendered":"<p>Definici\u00f3n y funci\u00f3n de las cookies&nbsp; \u00bfQu\u00e9 son las cookies? Una cookie es un fichero que se descarga en tu navegador al acceder a determinadas p\u00e1ginas<span class=\"excerpt-hellip\"> [\u2026]<\/span><\/p>\n","protected":false},"author":1,"featured_media":0,"parent":0,"menu_order":0,"comment_status":"closed","ping_status":"closed","template":"","meta":{"footnotes":""},"class_list":["post-2051","page","type-page","status-publish","hentry"],"_links":{"self":[{"href":"https:\/\/www.serpistar.com\/ssisles\/wp-json\/wp\/v2\/pages\/2051","targetHints":{"allow":["GET"]}}],"collection":[{"href":"https:\/\/www.serpistar.com\/ssisles\/wp-json\/wp\/v2\/pages"}],"about":[{"href":"https:\/\/www.serpistar.com\/ssisles\/wp-json\/wp\/v2\/types\/page"}],"author":[{"embeddable":true,"href":"https:\/\/www.serpistar.com\/ssisles\/wp-json\/wp\/v2\/users\/1"}],"replies":[{"embeddable":true,"href":"https:\/\/www.serpistar.com\/ssisles\/wp-json\/wp\/v2\/comments?post=2051"}],"version-history":[{"count":2,"href":"https:\/\/www.serpistar.com\/ssisles\/wp-json\/wp\/v2\/pages\/2051\/revisions"}],"predecessor-version":[{"id":2060,"href":"https:\/\/www.serpistar.com\/ssisles\/wp-json\/wp\/v2\/pages\/2051\/revisions\/2060"}],"wp:attachment":[{"href":"https:\/\/www.serpistar.com\/ssisles\/wp-json\/wp\/v2\/media?parent=2051"}],"curies":[{"name":"wp","href":"https:\/\/api.w.org\/{rel}","templated":true}]}}