{"id":2137,"date":"2025-03-03T12:06:06","date_gmt":"2025-03-03T10:06:06","guid":{"rendered":"https:\/\/www.serpistar.com\/ssisles\/?page_id=2137"},"modified":"2025-03-03T12:17:38","modified_gmt":"2025-03-03T10:17:38","slug":"politica-de-seguridad","status":"publish","type":"page","link":"https:\/\/www.serpistar.com\/ssisles\/politica-de-seguridad\/","title":{"rendered":"Pol\u00edtica de seguridad"},"content":{"rendered":"<p>16\/06\/2024<\/p><p>Para mantener en todo momento la seguridad de nuestra informaci\u00f3n y los medios humanos y t\u00e9cnicos utilizados para su tratamiento, la Direcci\u00f3n declara que:<\/p><ul class=\"wp-block-list\"><li>Se toman las medidas t\u00e9cnicas y organizativas necesarias para proteger la disponibilidad, confidencialidad e integridad de la informaci\u00f3n que manejamos.<\/li>\n\n<li>Los accesos a la informaci\u00f3n y a los medios para su tratamiento est\u00e1n restringidos y controlados.<\/li>\n\n<li>Se cumplen las leyes y reglamentos aplicables a nuestra actividad.<\/li>\n\n<li>Cumplimos los requisitos de nuestros clientes relativos a la seguridad de la informaci\u00f3n.<\/li>\n\n<li>Contamos con medios para prevenir, gestionar y resolver los incidentes de seguridad.<\/li>\n\n<li>El Responsable de Seguridad ser\u00e1 el encargado de mantener las pol\u00edticas, normativas y procedimientos en vigor y de proporcionar apoyo en su implementaci\u00f3n al resto del personal.<\/li>\n\n<li>Cada empleado es responsable de cumplir las pol\u00edticas, normativas y procedimientos y requisitos del Sistema de Gesti\u00f3n seg\u00fan apliquen a su puesto de trabajo.<\/li><\/ul><p>A fin de dar cumplimiento a lo definido en la presente pol\u00edtica, la Direcci\u00f3n ha promovido la implantaci\u00f3n de un Sistema de Gesti\u00f3n que la desarrolla y que se mantiene actualizado, siendo el marco de referencia para la mejora continua y el establecimiento de objetivos.<\/p><p>El incumplimiento de esta Pol\u00edtica o las directrices establecidas en la normativas y procedimientos del Sistema de Gesti\u00f3n puede ser motivo de sanci\u00f3n.<\/p><p>Security Systems Import s.l<\/p><p>16\/06\/2024<\/p><p><\/p>","protected":false},"excerpt":{"rendered":"<p>16\/06\/2024 Para mantener en todo momento la seguridad de nuestra informaci\u00f3n y los medios humanos y t\u00e9cnicos utilizados para su tratamiento, la Direcci\u00f3n declara que: A<span class=\"excerpt-hellip\"> [\u2026]<\/span><\/p>\n","protected":false},"author":1,"featured_media":0,"parent":0,"menu_order":0,"comment_status":"closed","ping_status":"closed","template":"","meta":{"footnotes":""},"class_list":["post-2137","page","type-page","status-publish","hentry"],"_links":{"self":[{"href":"https:\/\/www.serpistar.com\/ssisles\/wp-json\/wp\/v2\/pages\/2137","targetHints":{"allow":["GET"]}}],"collection":[{"href":"https:\/\/www.serpistar.com\/ssisles\/wp-json\/wp\/v2\/pages"}],"about":[{"href":"https:\/\/www.serpistar.com\/ssisles\/wp-json\/wp\/v2\/types\/page"}],"author":[{"embeddable":true,"href":"https:\/\/www.serpistar.com\/ssisles\/wp-json\/wp\/v2\/users\/1"}],"replies":[{"embeddable":true,"href":"https:\/\/www.serpistar.com\/ssisles\/wp-json\/wp\/v2\/comments?post=2137"}],"version-history":[{"count":2,"href":"https:\/\/www.serpistar.com\/ssisles\/wp-json\/wp\/v2\/pages\/2137\/revisions"}],"predecessor-version":[{"id":2140,"href":"https:\/\/www.serpistar.com\/ssisles\/wp-json\/wp\/v2\/pages\/2137\/revisions\/2140"}],"wp:attachment":[{"href":"https:\/\/www.serpistar.com\/ssisles\/wp-json\/wp\/v2\/media?parent=2137"}],"curies":[{"name":"wp","href":"https:\/\/api.w.org\/{rel}","templated":true}]}}